{"id":23,"date":"2013-11-23T15:07:48","date_gmt":"2013-11-23T15:07:48","guid":{"rendered":"http:\/\/erntefest-achternmeer.de\/?page_id=23"},"modified":"2025-08-17T09:26:51","modified_gmt":"2025-08-17T09:26:51","slug":"tour","status":"publish","type":"page","link":"https:\/\/erntefest-achternmeer.de\/?page_id=23","title":{"rendered":"!neue! Erntetour 2025 am 21.09.2025"},"content":{"rendered":"\n<p class=\"has-text-align-center\"><\/p>\n\n\n\n<figure class=\"wp-block-image size-large wp-duotone-unset-1\"><a href=\"https:\/\/erntefest-achternmeer.de\/wp-content\/uploads\/2025\/08\/Erntetour_2025-scaled.jpg\"><img loading=\"lazy\" decoding=\"async\" width=\"1024\" height=\"724\" src=\"https:\/\/erntefest-achternmeer.de\/wp-content\/uploads\/2025\/08\/Erntetour_2025-1024x724.jpg\" alt=\"\" class=\"wp-image-396\" srcset=\"https:\/\/erntefest-achternmeer.de\/wp-content\/uploads\/2025\/08\/Erntetour_2025-1024x724.jpg 1024w, https:\/\/erntefest-achternmeer.de\/wp-content\/uploads\/2025\/08\/Erntetour_2025-300x212.jpg 300w, https:\/\/erntefest-achternmeer.de\/wp-content\/uploads\/2025\/08\/Erntetour_2025-768x543.jpg 768w, https:\/\/erntefest-achternmeer.de\/wp-content\/uploads\/2025\/08\/Erntetour_2025-1536x1086.jpg 1536w, https:\/\/erntefest-achternmeer.de\/wp-content\/uploads\/2025\/08\/Erntetour_2025-2048x1448.jpg 2048w\" sizes=\"auto, (max-width: 1024px) 100vw, 1024px\" \/><\/a><\/figure>\n\n\n\n<p class=\"has-text-align-center\"><\/p>\n\n\n\n<p class=\"has-medium-font-size\">Wir fahren dieses mal ab vom &#8222;Hof Kruse&#8220;, Ammerl\u00e4nder Stra\u00dfe 227. (Rot)<br>&#8211; Abfahrt ist wie gehabt um 11:45 Uhr.<br>&#8211; Bitte seid ab 10:00 Uhr und rechtzeitig da.<br>&#8211; Es ist keine Anmeldung vorab erforderlich, wir freuen uns auf Euch<br>&#8211; Bei Ankunft wird ein Startgeld von 10\u20ac beim Fahrer erhoben<\/p>\n\n\n\n<p class=\"has-medium-font-size\"><\/p>\n\n\n\n<p class=\"has-medium-font-size\">Der erste Abschnitt (Blau) f\u00fchrt uns Richtung Kanal und <em>Am Denkmal<strong>, <\/strong><\/em>zur\u00fcck \u00fcber die <em>Ammerl\u00e4nder Stra\u00dfe<\/em>. Danach durch den Ort und \u00fcber <em>Korsorsstra\u00dfe <\/em>und <em>Korsorssberg <\/em>zur einzigen Pause Ecke <em>Hinterm Esch\/Ammerl\u00e4nder Stra\u00dfe<\/em>: Die Pause dauert ca. 15-20 Minuten,<\/p>\n\n\n\n<p class=\"has-medium-font-size\">Der zweite Abschnitt (Lila) f\u00fchrt uns \u00fcber <em>Achtern Busch<\/em> und <em>Korsorsstra\u00dfe <\/em>dann zum Festplatz.<br><\/p>\n\n\n\n<h3 class=\"wp-block-heading\">Eine Bitte an die Teilnehmer!<\/h3>\n\n\n<ul>\n<li>Es gilt ein Warnwestenverbot.\n<ul>\n<li>Nur Ordner und Rettungskr\u00e4fte tragen Warnwesten<\/li>\n<li>Bitte leistet den Anweisung der Ordner folge<\/li>\n<\/ul>\n<\/li>\n<li>Bei Ankunft auf dem Platz bitte die Musik kurz Abstellen\n<ul>\n<li>W\u00e4hrend der Festrede (ca.45min) brauchen wir Ruhe, danach kann es wieder losgehen<\/li>\n<li>Wir beginnen mit der Festrede erst wenn Ruhe ist<\/li>\n<\/ul>\n<\/li>\n<\/ul>\n\n\n<p><\/p>\n\n\n\n<p>Nach der Rede kann es wieder losgehen.<\/p>\n\n\n<div class=\"wp-block-image\">\n<figure class=\"aligncenter\"><a href=\"https:\/\/erntefest-achternmeer.de\/wp-content\/uploads\/2013\/11\/IMG_5146.jpg\"><img loading=\"lazy\" decoding=\"async\" width=\"300\" height=\"225\" src=\"https:\/\/erntefest-achternmeer.de\/wp-content\/uploads\/2013\/11\/IMG_5146-300x225.jpg\" alt=\"IMG_5146\" class=\"wp-image-103\" srcset=\"https:\/\/erntefest-achternmeer.de\/wp-content\/uploads\/2013\/11\/IMG_5146-300x225.jpg 300w, https:\/\/erntefest-achternmeer.de\/wp-content\/uploads\/2013\/11\/IMG_5146-1024x768.jpg 1024w, https:\/\/erntefest-achternmeer.de\/wp-content\/uploads\/2013\/11\/IMG_5146.jpg 1280w\" sizes=\"auto, (max-width: 300px) 100vw, 300px\" \/><\/a><\/figure>\n<\/div>\n\n\n<p class=\"has-text-align-center\"><\/p>\n","protected":false},"excerpt":{"rendered":"<p>Wir fahren dieses mal ab vom &#8222;Hof Kruse&#8220;, Ammerl\u00e4nder Stra\u00dfe 227. (Rot)&#8211; Abfahrt ist wie gehabt um 11:45 Uhr.&#8211; Bitte seid ab 10:00 Uhr und rechtzeitig da.&#8211; Es ist keine Anmeldung vorab erforderlich, wir freuen uns auf Euch&#8211; Bei Ankunft wird ein Startgeld von 10\u20ac beim Fahrer erhoben Der erste Abschnitt (Blau) f\u00fchrt uns Richtung &hellip; <a href=\"https:\/\/erntefest-achternmeer.de\/?page_id=23\" class=\"more-link\"><span class=\"screen-reader-text\">!neue! Erntetour 2025 am 21.09.2025<\/span> weiterlesen <span class=\"meta-nav\">&rarr;<\/span><\/a><\/p>\n","protected":false},"author":1,"featured_media":0,"parent":0,"menu_order":0,"comment_status":"closed","ping_status":"closed","template":"","meta":{"footnotes":""},"class_list":["post-23","page","type-page","status-publish","hentry"],"_links":{"self":[{"href":"https:\/\/erntefest-achternmeer.de\/index.php?rest_route=\/wp\/v2\/pages\/23","targetHints":{"allow":["GET"]}}],"collection":[{"href":"https:\/\/erntefest-achternmeer.de\/index.php?rest_route=\/wp\/v2\/pages"}],"about":[{"href":"https:\/\/erntefest-achternmeer.de\/index.php?rest_route=\/wp\/v2\/types\/page"}],"author":[{"embeddable":true,"href":"https:\/\/erntefest-achternmeer.de\/index.php?rest_route=\/wp\/v2\/users\/1"}],"replies":[{"embeddable":true,"href":"https:\/\/erntefest-achternmeer.de\/index.php?rest_route=%2Fwp%2Fv2%2Fcomments&post=23"}],"version-history":[{"count":23,"href":"https:\/\/erntefest-achternmeer.de\/index.php?rest_route=\/wp\/v2\/pages\/23\/revisions"}],"predecessor-version":[{"id":402,"href":"https:\/\/erntefest-achternmeer.de\/index.php?rest_route=\/wp\/v2\/pages\/23\/revisions\/402"}],"wp:attachment":[{"href":"https:\/\/erntefest-achternmeer.de\/index.php?rest_route=%2Fwp%2Fv2%2Fmedia&parent=23"}],"curies":[{"name":"wp","href":"https:\/\/api.w.org\/{rel}","templated":true}]}}